{"id":2077,"date":"2016-02-19T15:53:45","date_gmt":"2016-02-19T15:53:45","guid":{"rendered":"http:\/\/ddc2.com.br\/?page_id=2077"},"modified":"2019-05-29T14:03:41","modified_gmt":"2019-05-29T14:03:41","slug":"equipe","status":"publish","type":"page","link":"https:\/\/www.ddc2.com.br\/site\/equipe\/","title":{"rendered":"Equipe"},"content":{"rendered":"<p style=\"font-size: 18px;\">Nossa equipe \u00e9 formada por um excelente corpo cl\u00ednico especializado, que atende os pacientes com muita alegria e dedica\u00e7\u00e3o. A nossa conviv\u00eancia di\u00e1ria nos faz, al\u00e9m de colegas de trabalho, amigos. Ou seja, trabalhamos em harmonia, e isso faz toda a diferen\u00e7a.<\/p>\n<p>Veja nossos curr\u00edculos individualmente. Clique abaixo das nossas fotos em <strong>Visualizar Curr\u00edculo<\/strong>.<\/p>\n<p style=\"float: right; color: #999999 !important; font-size: 16px !important;\">\u00a0<\/p>\n","protected":false},"excerpt":{"rendered":"<p>Nossa equipe \u00e9 formada por um excelente corpo cl\u00ednico especializado, que atende os pacientes com muita alegria e dedica\u00e7\u00e3o. A nossa conviv\u00eancia di\u00e1ria nos faz, al\u00e9m de colegas de trabalho, amigos. Ou seja, trabalhamos em harmonia, e isso faz toda a diferen\u00e7a. Veja nossos curr\u00edculos individualmente. Clique abaixo das nossas fotos em Visualizar Curr\u00edculo. \u00a0<\/p>\n","protected":false},"author":1,"featured_media":0,"parent":0,"menu_order":0,"comment_status":"closed","ping_status":"closed","template":"equi_lista.php","meta":[],"_links":{"self":[{"href":"https:\/\/www.ddc2.com.br\/site\/wp-json\/wp\/v2\/pages\/2077"}],"collection":[{"href":"https:\/\/www.ddc2.com.br\/site\/wp-json\/wp\/v2\/pages"}],"about":[{"href":"https:\/\/www.ddc2.com.br\/site\/wp-json\/wp\/v2\/types\/page"}],"author":[{"embeddable":true,"href":"https:\/\/www.ddc2.com.br\/site\/wp-json\/wp\/v2\/users\/1"}],"replies":[{"embeddable":true,"href":"https:\/\/www.ddc2.com.br\/site\/wp-json\/wp\/v2\/comments?post=2077"}],"version-history":[{"count":25,"href":"https:\/\/www.ddc2.com.br\/site\/wp-json\/wp\/v2\/pages\/2077\/revisions"}],"predecessor-version":[{"id":2169,"href":"https:\/\/www.ddc2.com.br\/site\/wp-json\/wp\/v2\/pages\/2077\/revisions\/2169"}],"wp:attachment":[{"href":"https:\/\/www.ddc2.com.br\/site\/wp-json\/wp\/v2\/media?parent=2077"}],"curies":[{"name":"wp","href":"https:\/\/api.w.org\/{rel}","templated":true}]}}