{"id":1832,"date":"2016-02-08T09:49:55","date_gmt":"2016-02-08T09:49:55","guid":{"rendered":"http:\/\/ddc2.com.br\/?page_id=1832"},"modified":"2019-05-29T14:05:32","modified_gmt":"2019-05-29T14:05:32","slug":"sobre","status":"publish","type":"page","link":"https:\/\/www.ddc2.com.br\/site\/sobre\/","title":{"rendered":"Sobre"},"content":{"rendered":"<div class=\"columns_wrap sc_columns columns_nofluid sc_columns_count_2\" style=\"margin-bottom: 2em;\">\n<div class=\"column-1_2 sc_column_item sc_column_item_1 sc_columns_is_hover_no odd first\" style=\"text-align: none;\">\n<p>&nbsp;<\/p>\n<div class=\"wpb_text_column wpb_content_element vc_custom_1437385839582\">\n<div class=\"wpb_wrapper\">\n<h5 style=\"text-align: left;\">NOSSA HIST\u00d3RIA<\/h5>\n<p style=\"text-align: left; margin-top: -0.5em;\">Pioneira no conceito &#8216;day clinic&#8217; em Rio Preto, a Cana\u00e3 Dental Day Clinic tem 13 anos de hist\u00f3ria, promovendo a sa\u00fade oral em pessoas de todas as idades por meio de um atendimento humanizado.<\/p>\n<p>O objetivo da Cana\u00e3 Dental Day \u00e9 proporcionar o restabelecimento da fun\u00e7\u00e3o e da est\u00e9tica dental em um \u00fanico dia. Isso s\u00f3 \u00e9 poss\u00edvel gra\u00e7as a uma forma singular de atendimento, que respeita as caracter\u00edsticas individuais da pessoa e realiza o tratamento mediante estudo e planejamento pr\u00e9vios.<\/p>\n<p>A forma de trabalho da Cana\u00e3 Dental Day Clinic proporciona excelente atendimento e uma \u00f3tima alternativa para quem n\u00e3o disp\u00f5e de muito tempo para realizar seu tratamento odontol\u00f3gico.<\/p>\n<p>CROCL: 8904<br \/>\nCDRT: Derly Tescaro N. de Oliveira CRO: 58928<\/p>\n<p><img loading=\"lazy\" class=\"\" title=\"\" src=\"http:\/\/www.ddc2.com.br\/site\/wp-content\/uploads\/2016\/02\/IMG1795.jpg\" alt=\"\" width=\"458\" height=\"305\" \/><\/p>\n<h5 style=\"text-align: left;\">NOSSA MISS\u00c3O<\/h5>\n<p>Prevenir doen\u00e7as bucais atrav\u00e9s da orienta\u00e7\u00e3o e do tratamento humanizado e personalizado, promovendo a sa\u00fade de forma integral.\n <\/p>\n<\/div>\n<\/div>\n<\/div>\n<div class=\"column-1_2 sc_column_item sc_column_item_2 sc_columns_is_hover_no even\" style=\"text-align: none; padding-top: 60px;\">\n<figure class=\"sc_image sc_image_shape_square\"><figcaption><\/figcaption><\/figure>\n<\/div>\n<\/div>\n<h2 class=\"lead\">Estrutura<\/h2>\n\n\t\t<div id='gallery-1' class='gallery galleryid-1832 gallery-columns-3 gallery-size-medium gallery1'><script type=\"text\/javascript\">\r\n\/\/ <![CDATA[\r\n\tjQuery(document).ready(function () {\r\n\t\tjQuery(\".gallery1 a\").attr(\"rel\",\"gallery1\");\t\r\n\t\tjQuery('a[rel=\"gallery1\"]').colorbox({maxWidth:\"95%\", maxHeight:\"95%\",title: function(){ return jQuery(this).children().attr(\"alt\"); }, });\r\n\t});\r\n\/\/ ]]>\r\n<\/script>\n<figure class=\"gallery-item\">\n<div class=\"gallery-icon\">\r\n<a href=\"https:\/\/www.ddc2.com.br\/site\/wp-content\/uploads\/2016\/02\/estrutura_b4225fb352.jpg\" title=\"\" rel=\"gallery1\"><img src=\"https:\/\/www.ddc2.com.br\/site\/wp-content\/uploads\/2016\/02\/estrutura_b4225fb352-300x225.jpg\" width=\"300\" height=\"225\" alt=\"\" \/><\/a>\r\n<\/div><\/figure><figure class=\"gallery-item\">\n<div class=\"gallery-icon\">\r\n<a href=\"https:\/\/www.ddc2.com.br\/site\/wp-content\/uploads\/2016\/02\/estrutura_4947a195f8.jpg\" title=\"\" rel=\"gallery1\"><img src=\"https:\/\/www.ddc2.com.br\/site\/wp-content\/uploads\/2016\/02\/estrutura_4947a195f8-300x225.jpg\" width=\"300\" height=\"225\" alt=\"\" \/><\/a>\r\n<\/div><\/figure><figure class=\"gallery-item\">\n<div class=\"gallery-icon\">\r\n<a href=\"https:\/\/www.ddc2.com.br\/site\/wp-content\/uploads\/2016\/02\/estrutura_2dd83a8461.jpg\" title=\"\" rel=\"gallery1\"><img src=\"https:\/\/www.ddc2.com.br\/site\/wp-content\/uploads\/2016\/02\/estrutura_2dd83a8461-300x225.jpg\" width=\"300\" height=\"225\" alt=\"\" \/><\/a>\r\n<\/div><\/figure><figure class=\"gallery-item\">\n<div class=\"gallery-icon\">\r\n<a href=\"https:\/\/www.ddc2.com.br\/site\/wp-content\/uploads\/2016\/02\/estrutura_58a3a652f5.jpg\" title=\"\" rel=\"gallery1\"><img src=\"https:\/\/www.ddc2.com.br\/site\/wp-content\/uploads\/2016\/02\/estrutura_58a3a652f5-300x225.jpg\" width=\"300\" height=\"225\" alt=\"\" \/><\/a>\r\n<\/div><\/figure><figure class=\"gallery-item\">\n<div class=\"gallery-icon\">\r\n<a href=\"https:\/\/www.ddc2.com.br\/site\/wp-content\/uploads\/2016\/02\/estrutura_2dfe9a2b85.jpg\" title=\"\" rel=\"gallery1\"><img src=\"https:\/\/www.ddc2.com.br\/site\/wp-content\/uploads\/2016\/02\/estrutura_2dfe9a2b85-300x225.jpg\" width=\"300\" height=\"225\" alt=\"\" \/><\/a>\r\n<\/div><\/figure><figure class=\"gallery-item\">\n<div class=\"gallery-icon\">\r\n<a href=\"https:\/\/www.ddc2.com.br\/site\/wp-content\/uploads\/2016\/02\/estrutura_8b948e235a.jpg\" title=\"\" rel=\"gallery1\"><img src=\"https:\/\/www.ddc2.com.br\/site\/wp-content\/uploads\/2016\/02\/estrutura_8b948e235a-300x225.jpg\" width=\"300\" height=\"225\" alt=\"\" \/><\/a>\r\n<\/div><\/figure><figure class=\"gallery-item\">\n<div class=\"gallery-icon\">\r\n<a href=\"https:\/\/www.ddc2.com.br\/site\/wp-content\/uploads\/2016\/02\/estrutura_43320e77b3.jpg\" title=\"\" rel=\"gallery1\"><img src=\"https:\/\/www.ddc2.com.br\/site\/wp-content\/uploads\/2016\/02\/estrutura_43320e77b3-300x225.jpg\" width=\"300\" height=\"225\" alt=\"\" \/><\/a>\r\n<\/div><\/figure><figure class=\"gallery-item\">\n<div class=\"gallery-icon\">\r\n<a href=\"https:\/\/www.ddc2.com.br\/site\/wp-content\/uploads\/2016\/02\/estrutura_7e08498ecd.jpg\" title=\"\" rel=\"gallery1\"><img src=\"https:\/\/www.ddc2.com.br\/site\/wp-content\/uploads\/2016\/02\/estrutura_7e08498ecd-300x225.jpg\" width=\"300\" height=\"225\" alt=\"\" \/><\/a>\r\n<\/div><\/figure>\r\n\t\t<\/div>\n\n<p>&nbsp;<\/p>\n","protected":false},"excerpt":{"rendered":"<p>&nbsp; NOSSA HIST\u00d3RIA Pioneira no conceito &#8216;day clinic&#8217; em Rio Preto, a Cana\u00e3 Dental Day Clinic tem 13 anos de hist\u00f3ria, promovendo a sa\u00fade oral em pessoas de todas as idades por meio de um atendimento humanizado. O objetivo da Cana\u00e3 Dental Day \u00e9 proporcionar o restabelecimento da fun\u00e7\u00e3o e da est\u00e9tica dental em um &hellip; <a href=\"https:\/\/www.ddc2.com.br\/site\/sobre\/\" class=\"more-link\">Continue reading <span class=\"screen-reader-text\">Sobre<\/span> <span class=\"meta-nav\">&rarr;<\/span><\/a><\/p>\n","protected":false},"author":1,"featured_media":0,"parent":0,"menu_order":0,"comment_status":"closed","ping_status":"closed","template":"","meta":[],"_links":{"self":[{"href":"https:\/\/www.ddc2.com.br\/site\/wp-json\/wp\/v2\/pages\/1832"}],"collection":[{"href":"https:\/\/www.ddc2.com.br\/site\/wp-json\/wp\/v2\/pages"}],"about":[{"href":"https:\/\/www.ddc2.com.br\/site\/wp-json\/wp\/v2\/types\/page"}],"author":[{"embeddable":true,"href":"https:\/\/www.ddc2.com.br\/site\/wp-json\/wp\/v2\/users\/1"}],"replies":[{"embeddable":true,"href":"https:\/\/www.ddc2.com.br\/site\/wp-json\/wp\/v2\/comments?post=1832"}],"version-history":[{"count":25,"href":"https:\/\/www.ddc2.com.br\/site\/wp-json\/wp\/v2\/pages\/1832\/revisions"}],"predecessor-version":[{"id":2230,"href":"https:\/\/www.ddc2.com.br\/site\/wp-json\/wp\/v2\/pages\/1832\/revisions\/2230"}],"wp:attachment":[{"href":"https:\/\/www.ddc2.com.br\/site\/wp-json\/wp\/v2\/media?parent=1832"}],"curies":[{"name":"wp","href":"https:\/\/api.w.org\/{rel}","templated":true}]}}